{"id":1406,"date":"2023-03-08T16:03:40","date_gmt":"2023-03-08T15:03:40","guid":{"rendered":"https:\/\/lindehoevereunie.nl\/?page_id=1406"},"modified":"2023-04-24T20:59:23","modified_gmt":"2023-04-24T18:59:23","slug":"elementor-1406","status":"publish","type":"page","link":"https:\/\/lindehoevereunie.nl\/?page_id=1406","title":{"rendered":"Lindehoeveboek"},"content":{"rendered":"\t\t<div data-elementor-type=\"wp-page\" data-elementor-id=\"1406\" class=\"elementor elementor-1406\" data-elementor-post-type=\"page\">\n\t\t\t\t\t\t<section class=\"elementor-section elementor-top-section elementor-element elementor-element-c74e453 elementor-section-boxed elementor-section-height-default elementor-section-height-default\" data-id=\"c74e453\" data-element_type=\"section\" data-e-type=\"section\">\n\t\t\t\t\t\t<div class=\"elementor-container elementor-column-gap-default\">\n\t\t\t\t\t<div class=\"elementor-column elementor-col-25 elementor-top-column elementor-element elementor-element-93555f7\" data-id=\"93555f7\" data-element_type=\"column\" data-e-type=\"column\">\n\t\t\t<div class=\"elementor-widget-wrap\">\n\t\t\t\t\t\t\t<\/div>\n\t\t<\/div>\n\t\t\t\t<div class=\"elementor-column elementor-col-50 elementor-top-column elementor-element elementor-element-ff9779c\" data-id=\"ff9779c\" data-element_type=\"column\" data-e-type=\"column\">\n\t\t\t<div class=\"elementor-widget-wrap elementor-element-populated\">\n\t\t\t\t\t\t<div class=\"elementor-element elementor-element-742ee4a elementor-widget elementor-widget-heading\" data-id=\"742ee4a\" data-element_type=\"widget\" data-e-type=\"widget\" data-widget_type=\"heading.default\">\n\t\t\t\t<div class=\"elementor-widget-container\">\n\t\t\t\t\t<h2 class=\"elementor-heading-title elementor-size-default\">Het Lindehoeveboek<\/h2>\t\t\t\t<\/div>\n\t\t\t\t<\/div>\n\t\t\t\t\t<\/div>\n\t\t<\/div>\n\t\t\t\t<div class=\"elementor-column elementor-col-25 elementor-top-column elementor-element elementor-element-a1384f6\" data-id=\"a1384f6\" data-element_type=\"column\" data-e-type=\"column\">\n\t\t\t<div class=\"elementor-widget-wrap\">\n\t\t\t\t\t\t\t<\/div>\n\t\t<\/div>\n\t\t\t\t\t<\/div>\n\t\t<\/section>\n\t\t\t\t<section class=\"elementor-section elementor-top-section elementor-element elementor-element-2fc09cb elementor-section-boxed elementor-section-height-default elementor-section-height-default\" data-id=\"2fc09cb\" data-element_type=\"section\" data-e-type=\"section\">\n\t\t\t\t\t\t<div class=\"elementor-container elementor-column-gap-default\">\n\t\t\t\t\t<div class=\"elementor-column elementor-col-50 elementor-top-column elementor-element elementor-element-dc2ff97\" data-id=\"dc2ff97\" data-element_type=\"column\" data-e-type=\"column\">\n\t\t\t<div class=\"elementor-widget-wrap elementor-element-populated\">\n\t\t\t\t\t\t<div class=\"elementor-element elementor-element-4c104c7 elementor-widget elementor-widget-image\" data-id=\"4c104c7\" data-element_type=\"widget\" data-e-type=\"widget\" data-widget_type=\"image.default\">\n\t\t\t\t<div class=\"elementor-widget-container\">\n\t\t\t\t\t\t\t\t\t\t\t\t\t\t\t<img fetchpriority=\"high\" decoding=\"async\" data-attachment-id=\"1409\" data-permalink=\"https:\/\/lindehoevereunie.nl\/?attachment_id=1409\" data-orig-file=\"https:\/\/lindehoevereunie.nl\/wp-content\/uploads\/2023\/03\/Lindehoeveboek-A4-scaled.jpg\" data-orig-size=\"1810,2560\" data-comments-opened=\"1\" data-image-meta=\"{&quot;aperture&quot;:&quot;0&quot;,&quot;credit&quot;:&quot;&quot;,&quot;camera&quot;:&quot;&quot;,&quot;caption&quot;:&quot;&quot;,&quot;created_timestamp&quot;:&quot;0&quot;,&quot;copyright&quot;:&quot;&quot;,&quot;focal_length&quot;:&quot;0&quot;,&quot;iso&quot;:&quot;0&quot;,&quot;shutter_speed&quot;:&quot;0&quot;,&quot;title&quot;:&quot;&quot;,&quot;orientation&quot;:&quot;0&quot;}\" data-image-title=\"Lindehoeveboek A4\" data-image-description=\"\" data-image-caption=\"\" data-medium-file=\"https:\/\/lindehoevereunie.nl\/wp-content\/uploads\/2023\/03\/Lindehoeveboek-A4-212x300.jpg\" data-large-file=\"https:\/\/lindehoevereunie.nl\/wp-content\/uploads\/2023\/03\/Lindehoeveboek-A4-724x1024.jpg\" width=\"724\" height=\"1024\" src=\"https:\/\/lindehoevereunie.nl\/wp-content\/uploads\/2023\/03\/Lindehoeveboek-A4-724x1024.jpg\" class=\"attachment-large size-large wp-image-1409\" alt=\"\" srcset=\"https:\/\/lindehoevereunie.nl\/wp-content\/uploads\/2023\/03\/Lindehoeveboek-A4-724x1024.jpg 724w, https:\/\/lindehoevereunie.nl\/wp-content\/uploads\/2023\/03\/Lindehoeveboek-A4-212x300.jpg 212w, https:\/\/lindehoevereunie.nl\/wp-content\/uploads\/2023\/03\/Lindehoeveboek-A4-768x1086.jpg 768w, https:\/\/lindehoevereunie.nl\/wp-content\/uploads\/2023\/03\/Lindehoeveboek-A4-1086x1536.jpg 1086w, https:\/\/lindehoevereunie.nl\/wp-content\/uploads\/2023\/03\/Lindehoeveboek-A4-1448x2048.jpg 1448w, https:\/\/lindehoevereunie.nl\/wp-content\/uploads\/2023\/03\/Lindehoeveboek-A4-600x849.jpg 600w, https:\/\/lindehoevereunie.nl\/wp-content\/uploads\/2023\/03\/Lindehoeveboek-A4-scaled.jpg 1810w\" sizes=\"(max-width: 724px) 100vw, 724px\" data-attachment-id=\"1409\" data-permalink=\"https:\/\/lindehoevereunie.nl\/?attachment_id=1409\" data-orig-file=\"https:\/\/lindehoevereunie.nl\/wp-content\/uploads\/2023\/03\/Lindehoeveboek-A4-scaled.jpg\" data-orig-size=\"1810,2560\" data-comments-opened=\"1\" data-image-meta=\"{&quot;aperture&quot;:&quot;0&quot;,&quot;credit&quot;:&quot;&quot;,&quot;camera&quot;:&quot;&quot;,&quot;caption&quot;:&quot;&quot;,&quot;created_timestamp&quot;:&quot;0&quot;,&quot;copyright&quot;:&quot;&quot;,&quot;focal_length&quot;:&quot;0&quot;,&quot;iso&quot;:&quot;0&quot;,&quot;shutter_speed&quot;:&quot;0&quot;,&quot;title&quot;:&quot;&quot;,&quot;orientation&quot;:&quot;0&quot;}\" data-image-title=\"Lindehoeveboek A4\" data-image-description=\"\" data-image-caption=\"\" data-medium-file=\"https:\/\/lindehoevereunie.nl\/wp-content\/uploads\/2023\/03\/Lindehoeveboek-A4-212x300.jpg\" data-large-file=\"https:\/\/lindehoevereunie.nl\/wp-content\/uploads\/2023\/03\/Lindehoeveboek-A4-724x1024.jpg\" \/>\t\t\t\t\t\t\t\t\t\t\t\t\t\t\t<\/div>\n\t\t\t\t<\/div>\n\t\t\t\t\t<\/div>\n\t\t<\/div>\n\t\t\t\t<div class=\"elementor-column elementor-col-50 elementor-top-column elementor-element elementor-element-a474ea8\" data-id=\"a474ea8\" data-element_type=\"column\" data-e-type=\"column\">\n\t\t\t<div class=\"elementor-widget-wrap elementor-element-populated\">\n\t\t\t\t\t\t<div class=\"elementor-element elementor-element-eeda3ad elementor-widget elementor-widget-text-editor\" data-id=\"eeda3ad\" data-element_type=\"widget\" data-e-type=\"widget\" data-widget_type=\"text-editor.default\">\n\t\t\t\t<div class=\"elementor-widget-container\">\n\t\t\t\t\t\t\t\t\t<p><span style=\"font-family: -apple-system, BlinkMacSystemFont, 'Segoe UI', Roboto, 'Helvetica Neue', Arial, 'Noto Sans', sans-serif, 'Apple Color Emoji', 'Segoe UI Emoji', 'Segoe UI Symbol', 'Noto Color Emoji'; font-size: 1rem;\">De re\u00fcnie van 15 september 2013 heeft zo ongelofelijk veel materiaal opgeleverd, dat hier wat geen gedaan m\u00f3est worden.<\/span><\/p><p>In recordtijd is door Nico Fennis, Mo van der Werf en Frits Klijn met steun van L\u00e9on Blickman een boek van ongekende kwaliteit geproduceerd, met een schat aan verhalen over bijvoorbeeld de ontstaansgeschiedenis, het gebouw, de bestuursorganen, staf en projectgroepen. En heel veel herinneringen, allemaal bijzonder mooi opgemaakt door Mo met ontzettend veel beeldmateriaal.<\/p><p><span style=\"font-family: -apple-system, BlinkMacSystemFont, 'Segoe UI', Roboto, 'Helvetica Neue', Arial, 'Noto Sans', sans-serif, 'Apple Color Emoji', 'Segoe UI Emoji', 'Segoe UI Symbol', 'Noto Color Emoji'; font-size: 1rem;\">Bij het boek zit een DVD waarop al het op dat moment beschikbare materiaal staat, inclusief documenten, foto&#8217;s en filmbeelden, geluidopnamen en bijv. alle uitgaven van Bladeren, vergaderstukken. Toegevoegd zijn ook de opnamen van de re\u00fcnie van 2013. In totaal 4,4GB aan materiaal.<\/span><\/p><p><span style=\"font-family: -apple-system, BlinkMacSystemFont, 'Segoe UI', Roboto, 'Helvetica Neue', Arial, 'Noto Sans', sans-serif, 'Apple Color Emoji', 'Segoe UI Emoji', 'Segoe UI Symbol', 'Noto Color Emoji'; font-size: 1rem;\">Op 31 mei 2014 werd het boek vol trots aan de wereld gepresenteerd.\u00a0<br \/><\/span><span style=\"font-family: -apple-system, BlinkMacSystemFont, 'Segoe UI', Roboto, 'Helvetica Neue', Arial, 'Noto Sans', sans-serif, 'Apple Color Emoji', 'Segoe UI Emoji', 'Segoe UI Symbol', 'Noto Color Emoji'; font-size: 1rem;\">Een beeldverslag daarvan staat <\/span><a style=\"font-family: -apple-system, BlinkMacSystemFont, 'Segoe UI', Roboto, 'Helvetica Neue', Arial, 'Noto Sans', sans-serif, 'Apple Color Emoji', 'Segoe UI Emoji', 'Segoe UI Symbol', 'Noto Color Emoji'; font-size: 1rem; background-color: #ffffff;\" href=\"https:\/\/youtu.be\/5iVGNeOALOk\">hier.<\/a><br \/><span style=\"font-family: -apple-system, BlinkMacSystemFont, 'Segoe UI', Roboto, 'Helvetica Neue', Arial, 'Noto Sans', sans-serif, 'Apple Color Emoji', 'Segoe UI Emoji', 'Segoe UI Symbol', 'Noto Color Emoji'; font-size: 1rem;\"><br \/>Van dit boek zijn nog een beperkt aantal exemplaren beschikbaar. Deze zullen op de re\u00fcnie te koop worden aangeboden, maar als je niet langer kunt wachten neem dan contact op met\u00a0<\/span><a style=\"background-color: #ffffff; font-family: -apple-system, BlinkMacSystemFont, 'Segoe UI', Roboto, 'Helvetica Neue', Arial, 'Noto Sans', sans-serif, 'Apple Color Emoji', 'Segoe UI Emoji', 'Segoe UI Symbol', 'Noto Color Emoji'; font-size: 1rem;\" href=\"mailto:nico.fennes@gmail.com\"><span style=\"text-decoration: underline;\">Nico Fennis<\/span><\/a><span style=\"font-family: -apple-system, BlinkMacSystemFont, 'Segoe UI', Roboto, 'Helvetica Neue', Arial, 'Noto Sans', sans-serif, 'Apple Color Emoji', 'Segoe UI Emoji', 'Segoe UI Symbol', 'Noto Color Emoji'; font-size: 1rem;\">, <\/span><span style=\"text-decoration: underline;\"><a style=\"background-color: #ffffff; font-family: -apple-system, BlinkMacSystemFont, 'Segoe UI', Roboto, 'Helvetica Neue', Arial, 'Noto Sans', sans-serif, 'Apple Color Emoji', 'Segoe UI Emoji', 'Segoe UI Symbol', 'Noto Color Emoji'; font-size: 1rem;\" href=\"mailto:moniquevanderwerf@hotmail.com\">Mo van der Werf<\/a><\/span><span style=\"font-family: -apple-system, BlinkMacSystemFont, 'Segoe UI', Roboto, 'Helvetica Neue', Arial, 'Noto Sans', sans-serif, 'Apple Color Emoji', 'Segoe UI Emoji', 'Segoe UI Symbol', 'Noto Color Emoji'; font-size: 1rem;\"> of <\/span><a style=\"background-color: #ffffff; font-family: -apple-system, BlinkMacSystemFont, 'Segoe UI', Roboto, 'Helvetica Neue', Arial, 'Noto Sans', sans-serif, 'Apple Color Emoji', 'Segoe UI Emoji', 'Segoe UI Symbol', 'Noto Color Emoji'; font-size: 1rem;\" href=\"mailto:frits@klijn.eu\"><span style=\"text-decoration: underline;\">Frits Klijn<\/span><\/a>.<\/p><p style=\"margin: 0cm; font-size: 12pt; font-family: Calibri, sans-serif; color: #000000;\"><span style=\"font-size: 10.5pt; color: #808080;\">N.B. de site lindehoeveboek.nl die in de afbeelding genoemd wordt bestaat niet meer.<\/span><\/p>\t\t\t\t\t\t\t\t<\/div>\n\t\t\t\t<\/div>\n\t\t\t\t\t<\/div>\n\t\t<\/div>\n\t\t\t\t\t<\/div>\n\t\t<\/section>\n\t\t\t\t<\/div>\n\t\t","protected":false},"excerpt":{"rendered":"<p>Het Lindehoeveboek De re\u00fcnie van 15 september 2013 heeft zo ongelofelijk veel materiaal opgeleverd, dat hier wat geen gedaan m\u00f3est worden. In recordtijd is door Nico Fennis, Mo van der Werf en Frits Klijn met steun van L\u00e9on Blickman een boek van ongekende kwaliteit geproduceerd, met een schat aan verhalen over bijvoorbeeld de ontstaansgeschiedenis, het [&hellip;]<\/p>\n","protected":false},"author":1,"featured_media":0,"parent":0,"menu_order":0,"comment_status":"closed","ping_status":"closed","template":"","meta":{"h5ap_radio_sources":[],"footnotes":""},"class_list":["post-1406","page","type-page","status-publish","hentry"],"_links":{"self":[{"href":"https:\/\/lindehoevereunie.nl\/index.php?rest_route=\/wp\/v2\/pages\/1406","targetHints":{"allow":["GET"]}}],"collection":[{"href":"https:\/\/lindehoevereunie.nl\/index.php?rest_route=\/wp\/v2\/pages"}],"about":[{"href":"https:\/\/lindehoevereunie.nl\/index.php?rest_route=\/wp\/v2\/types\/page"}],"author":[{"embeddable":true,"href":"https:\/\/lindehoevereunie.nl\/index.php?rest_route=\/wp\/v2\/users\/1"}],"replies":[{"embeddable":true,"href":"https:\/\/lindehoevereunie.nl\/index.php?rest_route=%2Fwp%2Fv2%2Fcomments&post=1406"}],"version-history":[{"count":0,"href":"https:\/\/lindehoevereunie.nl\/index.php?rest_route=\/wp\/v2\/pages\/1406\/revisions"}],"wp:attachment":[{"href":"https:\/\/lindehoevereunie.nl\/index.php?rest_route=%2Fwp%2Fv2%2Fmedia&parent=1406"}],"curies":[{"name":"wp","href":"https:\/\/api.w.org\/{rel}","templated":true}]}}